{"id":52,"date":"2026-02-20T15:03:55","date_gmt":"2026-02-20T15:03:55","guid":{"rendered":"https:\/\/saiga-animal.com\/?page_id=52"},"modified":"2026-03-20T14:14:20","modified_gmt":"2026-03-20T14:14:20","slug":"les-enjeux-de-la-survie-des-saigas","status":"publish","type":"page","link":"https:\/\/saiga-animal.com\/index.php\/les-enjeux-de-la-survie-des-saigas\/","title":{"rendered":"Les enjeux de la survie des sa\u00efgas"},"content":{"rendered":"\n<div style=\"height:30px\" aria-hidden=\"true\" class=\"wp-block-spacer\"><\/div>\n\n\n\n<div class=\"wp-block-columns are-vertically-aligned-center is-layout-flex wp-container-core-columns-is-layout-28f84493 wp-block-columns-is-layout-flex\">\n<div class=\"wp-block-column is-vertically-aligned-center is-layout-flow wp-block-column-is-layout-flow\">\n<p>La reproduction joue un r\u00f4le essentiel pour \u00e0 la survie de toute esp\u00e8ce d&#8217;\u00eatre vivant. Comme il est connu, sans renouvellement, le nombre de  la population d\u00e9cline rapidement. En particulier comme c&#8217;est le cas ici, chez les sa\u00efgas, qui aujourd&#8217;hui sont menac\u00e9s d&#8217;extinction.<\/p>\n\n\n\n<p>Bien qu&#8217;ils aient une certaine capacit\u00e9 \u00e0 se reproduire naturellement rapidement, leur cycle reproductif repose sur un \u00e9quilibre fragile. La moindre perturbation peut avoir des impactes notables sur le repeuplement de ces antilopes. Par cons\u00e9quent, il est important de comprendre les enjeux li\u00e9s \u00e0 la reproduction du sa\u00efga pour mieux appr\u00e9hender les d\u00e9fis auxquels fait face sa conservation \u00e0 long terme et maintenir le d\u00e9veloppement des g\u00e9n\u00e9rations.<\/p>\n<\/div>\n\n\n\n<div class=\"wp-block-column is-vertically-aligned-center is-layout-flow wp-block-column-is-layout-flow\">\n<div class=\"wp-block-columns are-vertically-aligned-center is-layout-flex wp-container-core-columns-is-layout-28f84493 wp-block-columns-is-layout-flex\">\n<div class=\"wp-block-column is-vertically-aligned-center is-layout-flow wp-block-column-is-layout-flow\" style=\"flex-basis:100%\">\n<figure class=\"wp-block-image size-large\"><img loading=\"lazy\" decoding=\"async\" width=\"606\" height=\"606\" src=\"https:\/\/saiga-animal.com\/wp-content\/uploads\/2026\/01\/famillesaigas-edited.png\" alt=\"\" class=\"wp-image-90\" srcset=\"https:\/\/saiga-animal.com\/wp-content\/uploads\/2026\/01\/famillesaigas-edited.png 606w, https:\/\/saiga-animal.com\/wp-content\/uploads\/2026\/01\/famillesaigas-edited-300x300.png 300w, https:\/\/saiga-animal.com\/wp-content\/uploads\/2026\/01\/famillesaigas-edited-150x150.png 150w\" sizes=\"auto, (max-width: 606px) 100vw, 606px\" \/><\/figure>\n<\/div>\n<\/div>\n<\/div>\n<\/div>\n\n\n\n<div style=\"height:30px\" aria-hidden=\"true\" class=\"wp-block-spacer\"><\/div>\n\n\n\n<h2 class=\"wp-block-heading has-text-align-center has-border-color has-mono-3-border-color\" style=\"border-width:4px;border-top-left-radius:0px;border-top-right-radius:0px;border-bottom-left-radius:0px;border-bottom-right-radius:0px;padding-top:var(--wp--preset--spacing--superbspacing-xsmall);padding-right:var(--wp--preset--spacing--superbspacing-xsmall);padding-bottom:var(--wp--preset--spacing--superbspacing-xsmall);padding-left:var(--wp--preset--spacing--superbspacing-xsmall)\">Les enjeux<\/h2>\n\n\n\n<div style=\"height:15px\" aria-hidden=\"true\" class=\"wp-block-spacer\"><\/div>\n\n\n\n<p class=\"has-text-align-center\">Dans les ann\u00e9es 90, le nombre de ces animaux a connu une chute cons\u00e9quente. D\u00e9clar\u00e9e en &#8220;danger critique d&#8217;extinction&#8221;, plusieurs facteurs expliquent cette situation :<\/p>\n\n\n\n<div style=\"height:15px\" aria-hidden=\"true\" class=\"wp-block-spacer\"><\/div>\n\n\n\n<div class=\"wp-block-group has-mono-4-background-color has-background is-content-justification-center is-nowrap is-layout-flex wp-container-core-group-is-layout-47b92587 wp-block-group-is-layout-flex\" style=\"padding-top:var(--wp--preset--spacing--superbspacing-small);padding-right:var(--wp--preset--spacing--superbspacing-xsmall);padding-bottom:var(--wp--preset--spacing--superbspacing-small);padding-left:var(--wp--preset--spacing--superbspacing-xsmall)\">\n<div class=\"wp-block-columns are-vertically-aligned-center is-layout-flex wp-container-core-columns-is-layout-28f84493 wp-block-columns-is-layout-flex\">\n<div class=\"wp-block-column is-vertically-aligned-center is-layout-flow wp-container-core-column-is-layout-f8561097 wp-block-column-is-layout-flow\" style=\"border-style:none;border-width:0px;border-top-left-radius:33px;border-top-right-radius:33px;border-bottom-left-radius:33px;border-bottom-right-radius:33px;padding-top:0;padding-right:0;padding-bottom:0;padding-left:0;flex-basis:33.33%\">\n<div style=\"height:6px\" aria-hidden=\"true\" class=\"wp-block-spacer\"><\/div>\n\n\n\n<figure class=\"wp-block-image size-full has-custom-border\"><img loading=\"lazy\" decoding=\"async\" width=\"359\" height=\"359\" src=\"https:\/\/saiga-animal.com\/wp-content\/uploads\/2026\/02\/death-saiga-edited-1.jpg\" alt=\"\" class=\"wp-image-251\" style=\"border-top-left-radius:0px;border-top-right-radius:0px;border-bottom-left-radius:0px;border-bottom-right-radius:0px\" srcset=\"https:\/\/saiga-animal.com\/wp-content\/uploads\/2026\/02\/death-saiga-edited-1.jpg 359w, https:\/\/saiga-animal.com\/wp-content\/uploads\/2026\/02\/death-saiga-edited-1-300x300.jpg 300w, https:\/\/saiga-animal.com\/wp-content\/uploads\/2026\/02\/death-saiga-edited-1-150x150.jpg 150w\" sizes=\"auto, (max-width: 359px) 100vw, 359px\" \/><\/figure>\n<\/div>\n\n\n\n<div class=\"wp-block-column is-vertically-aligned-center is-layout-flow wp-block-column-is-layout-flow\" style=\"flex-basis:66.66%\">\n<h2 class=\"wp-block-heading\"><strong>Une reproduction naturellement fragile<\/strong><\/h2>\n\n\n\n<p>\u00c9tant donn\u00e9 que la reproduction du sa\u00efga repose sur un fonctionnement collectif et synchronis\u00e9, sa r\u00e9silience est limit\u00e9. Une variation des conditions environnementales peut suffire \u00e0 compromettre le succ\u00e8s reproductif. <\/p>\n\n\n\n<p>Tel a \u00e9t\u00e9 le cas lorsqu&#8217;une maladie g\u00e9n\u00e9tique a d\u00e9cim\u00e9 une grande partie de cette esp\u00e8ce ; le syst\u00e8me des grands rassemblements des femelles pour accoucher a favoris\u00e9 la propagation de cette maladie mortelle au sein des femelles et des nouveaux n\u00e9s, coupant ainsi le cycle de vie.<\/p>\n<\/div>\n<\/div>\n<\/div>\n\n\n\n<div class=\"wp-block-columns alignwide are-vertically-aligned-center has-mono-4-background-color has-background is-layout-flex wp-container-core-columns-is-layout-cfd79936 wp-block-columns-is-layout-flex\" style=\"padding-top:var(--wp--preset--spacing--superbspacing-xxsmall);padding-right:var(--wp--preset--spacing--superbspacing-xsmall);padding-bottom:var(--wp--preset--spacing--superbspacing-xxsmall);padding-left:var(--wp--preset--spacing--superbspacing-xsmall)\">\n<div class=\"wp-block-column is-vertically-aligned-center is-layout-flow wp-block-column-is-layout-flow\" style=\"flex-basis:66.66%\">\n<h2 class=\"wp-block-heading has-text-align-right\"><strong>Le d\u00e9r\u00e8glement climatique<\/strong><\/h2>\n\n\n\n<p class=\"has-text-align-right\">Les hivers rigoureux, les s\u00e9cheresses ou les variations soudaines affectent les ressources disponibles. Le changement climatique rend ces conditions plus impr\u00e9visibles, augmentant le risque d&#8217;\u00e9chec reproductif.<\/p>\n\n\n\n<p class=\"has-text-align-right\">Gr\u00e2ce \u00e0 leur fertilit\u00e9 et les conditions naturelles favorables, les sa\u00efgas ont r\u00e9ussi \u00e0 se repeupler et est pass\u00e9e du stade d&#8217;esp\u00e8ce en &#8220;danger critique d&#8217;extinction&#8221; \u00e0 &#8220;quasi menac\u00e9e&#8221;.<\/p>\n\n\n\n<p class=\"has-text-align-right\">Malgr\u00e9 cette bonne nouvelle, ils restent expos\u00e9s \u00e0 une nouvelle disparition massive. Il est donc n\u00e9cessaire de prendre des mesures pour les pr\u00e9server et favoriser leur reproduction.<\/p>\n<\/div>\n\n\n\n<div class=\"wp-block-column is-vertically-aligned-center has-global-padding is-layout-constrained wp-container-core-column-is-layout-9407a3a2 wp-block-column-is-layout-constrained\" style=\"border-style:none;border-width:0px;border-top-left-radius:0px;border-top-right-radius:0px;border-bottom-left-radius:0px;border-bottom-right-radius:0px;padding-top:var(--wp--preset--spacing--superbspacing-large);padding-right:0;padding-bottom:var(--wp--preset--spacing--superbspacing-large);padding-left:0;flex-basis:33.33%\">\n<div style=\"height:6px\" aria-hidden=\"true\" class=\"wp-block-spacer\"><\/div>\n\n\n\n<figure class=\"wp-block-image aligncenter size-full is-resized has-custom-border is-style-default\"><img loading=\"lazy\" decoding=\"async\" width=\"400\" height=\"400\" src=\"https:\/\/saiga-animal.com\/wp-content\/uploads\/2026\/03\/depositphotos_194794310-stock-photo-saiga-tatarica-chyornye-zemli-black-edited.webp\" alt=\"\" class=\"wp-image-280\" style=\"border-top-left-radius:0px;border-top-right-radius:0px;border-bottom-left-radius:0px;border-bottom-right-radius:0px;width:331px;height:auto\" srcset=\"https:\/\/saiga-animal.com\/wp-content\/uploads\/2026\/03\/depositphotos_194794310-stock-photo-saiga-tatarica-chyornye-zemli-black-edited.webp 400w, https:\/\/saiga-animal.com\/wp-content\/uploads\/2026\/03\/depositphotos_194794310-stock-photo-saiga-tatarica-chyornye-zemli-black-edited-300x300.webp 300w, https:\/\/saiga-animal.com\/wp-content\/uploads\/2026\/03\/depositphotos_194794310-stock-photo-saiga-tatarica-chyornye-zemli-black-edited-150x150.webp 150w\" sizes=\"auto, (max-width: 400px) 100vw, 400px\" \/><\/figure>\n<\/div>\n<\/div>\n\n\n\n<div class=\"wp-block-columns are-vertically-aligned-center has-mono-4-background-color has-background is-layout-flex wp-container-core-columns-is-layout-de64172a wp-block-columns-is-layout-flex\" style=\"padding-top:var(--wp--preset--spacing--superbspacing-small);padding-right:var(--wp--preset--spacing--superbspacing-small);padding-bottom:var(--wp--preset--spacing--superbspacing-small);padding-left:var(--wp--preset--spacing--superbspacing-small)\">\n<div class=\"wp-block-column is-vertically-aligned-center is-layout-flow wp-container-core-column-is-layout-b2a27621 wp-block-column-is-layout-flow\" style=\"border-style:none;border-width:0px;border-top-left-radius:0px;border-top-right-radius:0px;border-bottom-left-radius:0px;border-bottom-right-radius:0px;padding-top:0;padding-right:0;padding-bottom:0;padding-left:0;flex-basis:33.33%\">\n<div style=\"height:5px\" aria-hidden=\"true\" class=\"wp-block-spacer\"><\/div>\n\n\n\n<figure class=\"wp-block-image size-large has-custom-border\"><img loading=\"lazy\" decoding=\"async\" width=\"810\" height=\"810\" src=\"https:\/\/saiga-animal.com\/wp-content\/uploads\/2026\/02\/danger-saiga-edited-1.jpg\" alt=\"\" class=\"wp-image-255\" style=\"border-top-left-radius:0px;border-top-right-radius:0px;border-bottom-left-radius:0px;border-bottom-right-radius:0px\" srcset=\"https:\/\/saiga-animal.com\/wp-content\/uploads\/2026\/02\/danger-saiga-edited-1.jpg 810w, https:\/\/saiga-animal.com\/wp-content\/uploads\/2026\/02\/danger-saiga-edited-1-300x300.jpg 300w, https:\/\/saiga-animal.com\/wp-content\/uploads\/2026\/02\/danger-saiga-edited-1-150x150.jpg 150w, https:\/\/saiga-animal.com\/wp-content\/uploads\/2026\/02\/danger-saiga-edited-1-768x768.jpg 768w\" sizes=\"auto, (max-width: 810px) 100vw, 810px\" \/><\/figure>\n<\/div>\n\n\n\n<div class=\"wp-block-column is-vertically-aligned-center is-layout-flow wp-block-column-is-layout-flow\" style=\"flex-basis:66.66%\">\n<h2 class=\"wp-block-heading\"><strong>Des perturbations humaines<\/strong><\/h2>\n\n\n\n<p>Convoit\u00e9s pour leurs cornes, les sa\u00efgas sont la cible de braconnage. Les m\u00e2les en sont les principales victimes, d\u00fb \u00e0 cette caract\u00e9ristique qui leur sont propre. N&#8217;\u00e9tant plus assez pour s&#8217;accoupler avec les femelles pendant la saison de rut, le cycle reproductif se retrouve d\u00e9s\u00e9quilibr\u00e9.<\/p>\n\n\n\n<p>A cela s&#8217;ajoute le blocages des migrations avec les barri\u00e8res le long des fronti\u00e8res et la perte d&#8217;habitat \u00e0 cause des am\u00e9nagements humains.<\/p>\n<\/div>\n<\/div>\n\n\n\n<div class=\"wp-block-group alignfull has-contrast-light-background-color has-background has-global-padding is-layout-constrained wp-container-core-group-is-layout-4b5381db wp-block-group-is-layout-constrained\" style=\"margin-top:0;margin-bottom:0;padding-top:var(--wp--preset--spacing--superbspacing-xlarge);padding-right:var(--wp--preset--spacing--superbspacing-small);padding-bottom:var(--wp--preset--spacing--superbspacing-xlarge);padding-left:var(--wp--preset--spacing--superbspacing-small)\">\n<div class=\"wp-block-group alignwide has-global-padding is-layout-constrained wp-container-core-group-is-layout-364111a5 wp-block-group-is-layout-constrained\">\n<h2 class=\"wp-block-heading has-text-align-center has-contrast-color has-text-color has-superbfont-xlarge-font-size\">Les actions cibl\u00e9es<br><\/h2>\n\n\n\n<p class=\"has-text-align-center has-mono-2-color has-text-color has-superbfont-xsmall-font-size\">Des mesures ont \u00e9t\u00e9 prises pour garantir des conditions favorables au maintien de la population de ces mammif\u00e8res :<\/p>\n<\/div>\n\n\n\n<div class=\"wp-block-group has-global-padding is-layout-constrained wp-container-core-group-is-layout-e513ba91 wp-block-group-is-layout-constrained\">\n<div class=\"wp-block-columns is-layout-flex wp-container-core-columns-is-layout-28f84493 wp-block-columns-is-layout-flex\">\n<div class=\"wp-block-column is-layout-flow wp-block-column-is-layout-flow\">\n<div class=\"wp-block-group has-border-color has-mono-3-border-color has-base-background-color has-background has-global-padding is-content-justification-center is-layout-constrained wp-container-core-group-is-layout-0c81a5d8 wp-block-group-is-layout-constrained\" style=\"border-radius:0px;padding-top:var(--wp--preset--spacing--superbspacing-small);padding-right:var(--wp--preset--spacing--superbspacing-small);padding-bottom:var(--wp--preset--spacing--superbspacing-small);padding-left:var(--wp--preset--spacing--superbspacing-small)\">\n<h3 class=\"wp-block-heading has-text-align-center has-contrast-color has-text-color has-superbfont-small-font-size\"><strong>Protection et restauration des habitats<\/strong><\/h3>\n\n\n\n<p class=\"has-text-align-center has-secondary-color has-text-color has-superbfont-xxsmall-font-size\"><br>Les steppes naturelles et les routes migratoires sont prot\u00e9g\u00e9s. Gr\u00e2ce \u00e0 la limitation des activit\u00e9s humaines et agricoles, les troupeaux peuvent se d\u00e9placer librement, ce qui est essentiel pour la reproduction et la survie des jeunes.<\/p>\n<\/div>\n<\/div>\n\n\n\n<div class=\"wp-block-column is-layout-flow wp-block-column-is-layout-flow\">\n<div class=\"wp-block-group has-border-color has-mono-3-border-color has-base-background-color has-background has-global-padding is-content-justification-center is-layout-constrained wp-container-core-group-is-layout-0c81a5d8 wp-block-group-is-layout-constrained\" style=\"border-radius:0px;padding-top:var(--wp--preset--spacing--superbspacing-small);padding-right:var(--wp--preset--spacing--superbspacing-small);padding-bottom:var(--wp--preset--spacing--superbspacing-small);padding-left:var(--wp--preset--spacing--superbspacing-small)\">\n<h3 class=\"wp-block-heading has-text-align-center has-contrast-color has-text-color has-superbfont-small-font-size\"><strong>R\u00e9pertoriage et suivi scientifique des populations<\/strong><\/h3>\n\n\n\n<p class=\"has-text-align-center has-secondary-color has-text-color has-superbfont-xxsmall-font-size\">Les scientifiques surveillent r\u00e9guli\u00e8rement les effectifs, la reproduction et les d\u00e9placements des troupeaux. Ces donn\u00e9es permettent d\u2019anticiper les maladies, d\u2019adapter les mesures de protection et de maintenir un \u00e9quilibre entre les m\u00e2les et les femelles.<\/p>\n<\/div>\n<\/div>\n<\/div>\n\n\n\n<div class=\"wp-block-columns is-layout-flex wp-container-core-columns-is-layout-28f84493 wp-block-columns-is-layout-flex\">\n<div class=\"wp-block-column is-layout-flow wp-block-column-is-layout-flow\">\n<div class=\"wp-block-group has-border-color has-mono-3-border-color has-base-background-color has-background has-global-padding is-content-justification-center is-layout-constrained wp-container-core-group-is-layout-0c81a5d8 wp-block-group-is-layout-constrained\" style=\"border-radius:0px;padding-top:var(--wp--preset--spacing--superbspacing-small);padding-right:var(--wp--preset--spacing--superbspacing-small);padding-bottom:var(--wp--preset--spacing--superbspacing-small);padding-left:var(--wp--preset--spacing--superbspacing-small)\">\n<h3 class=\"wp-block-heading has-text-align-center has-contrast-color has-text-color has-superbfont-small-font-size\"><strong>Lutte contre le braconnage<\/strong><\/h3>\n\n\n\n<p class=\"has-text-align-center has-secondary-color has-text-color has-superbfont-xxsmall-font-size\">Des programmes de conservation renforcent la surveillance, les contr\u00f4les et la lutte contre le commerce ill\u00e9gal afin de prot\u00e9ger les populations et garder une bonne r\u00e9gulation.<\/p>\n<\/div>\n<\/div>\n\n\n\n<div class=\"wp-block-column is-layout-flow wp-block-column-is-layout-flow\">\n<div class=\"wp-block-group has-border-color has-mono-3-border-color has-base-background-color has-background has-global-padding is-content-justification-center is-layout-constrained wp-container-core-group-is-layout-0c81a5d8 wp-block-group-is-layout-constrained\" style=\"border-radius:0px;padding-top:var(--wp--preset--spacing--superbspacing-small);padding-right:var(--wp--preset--spacing--superbspacing-small);padding-bottom:var(--wp--preset--spacing--superbspacing-small);padding-left:var(--wp--preset--spacing--superbspacing-small)\">\n<h3 class=\"wp-block-heading has-text-align-center has-contrast-color has-text-color has-superbfont-small-font-size\"><strong>Sensibilisation du publique<\/strong><\/h3>\n\n\n\n<p class=\"has-text-align-center has-secondary-color has-text-color has-superbfont-xxsmall-font-size\">Les programmes r\u00e9cents cherchent \u00e9galement \u00e0 impliquer les populations locales afin de r\u00e9duire le braconnage et favoriser une cohabitation durable avec l\u2019esp\u00e8ce. <\/p>\n<\/div>\n<\/div>\n<\/div>\n<\/div>\n\n\n\n<div class=\"wp-block-columns is-layout-flex wp-container-core-columns-is-layout-28f84493 wp-block-columns-is-layout-flex\">\n<div class=\"wp-block-column is-layout-flow wp-block-column-is-layout-flow\">\n<p class=\"has-text-align-center\">Ces initiatives de conservation ont impliqu\u00e9 la coop\u00e9ration entre \u00c9tats, scientifiques et organisations internationales pour coordonner les actions.<\/p>\n<\/div>\n<\/div>\n<\/div>\n\n\n\n<div class=\"wp-block-group alignfull is-layout-flow wp-container-core-group-is-layout-4fa898ef wp-block-group-is-layout-flow\" style=\"margin-top:0;margin-bottom:0;padding-top:0;padding-bottom:0\">\n<div class=\"wp-block-cover\" style=\"margin-top:0;margin-bottom:0;padding-top:var(--wp--preset--spacing--superbspacing-xxlarge);padding-right:var(--wp--preset--spacing--superbspacing-small);padding-bottom:var(--wp--preset--spacing--superbspacing-xxlarge);padding-left:var(--wp--preset--spacing--superbspacing-small);min-height:455px;aspect-ratio:unset;\"><img loading=\"lazy\" decoding=\"async\" width=\"1024\" height=\"575\" class=\"wp-block-cover__image-background wp-image-200 size-large\" alt=\"\" src=\"http:\/\/saiga-animal.com\/wp-content\/uploads\/2026\/02\/saiga-1024x575.jpg\" data-object-fit=\"cover\" srcset=\"https:\/\/saiga-animal.com\/wp-content\/uploads\/2026\/02\/saiga-1024x575.jpg 1024w, https:\/\/saiga-animal.com\/wp-content\/uploads\/2026\/02\/saiga-300x169.jpg 300w, https:\/\/saiga-animal.com\/wp-content\/uploads\/2026\/02\/saiga-768x432.jpg 768w, https:\/\/saiga-animal.com\/wp-content\/uploads\/2026\/02\/saiga.jpg 1260w\" sizes=\"auto, (max-width: 1024px) 100vw, 1024px\" \/><span aria-hidden=\"true\" class=\"wp-block-cover__background has-contrast-dark-background-color has-background-dim-40 has-background-dim\"><\/span><div class=\"wp-block-cover__inner-container is-layout-flow wp-container-core-cover-is-layout-9dfc76e7 wp-block-cover-is-layout-flow\">\n<h2 class=\"wp-block-heading has-text-align-center has-contrast-light-color has-text-color has-link-color wp-elements-b4dfe7239fca188cb71af684dd0eeadf\">Prot\u00e9geons les Sa\u00efgas<\/h2>\n\n\n\n<div style=\"height:31px\" aria-hidden=\"true\" class=\"wp-block-spacer\"><\/div>\n\n\n\n<div class=\"wp-block-group alignwide has-global-padding is-layout-constrained wp-container-core-group-is-layout-41c06ba8 wp-block-group-is-layout-constrained\">\n<p class=\"has-text-align-center has-mono-4-color has-text-color has-superbfont-xsmall-font-size\">De nombreuses esp\u00e8ces ont d\u00e9j\u00e0 disparues.<br>Prot\u00e9ger les sa\u00efgas, c&#8217;est agir pour la biodiversit\u00e9 et pr\u00e9server l&#8217;\u00e9quilibre des steppes. Chaque action comte : s&#8217;informer, sensibiliser, soutenir les programmes de conservation.<\/p>\n\n\n\n<p class=\"has-text-align-center has-mono-4-color has-text-color has-superbfont-xsmall-font-size\">La protection du sa\u00efga commence par une prise de conscience. <br>Et si nous faisions partie de la solution ?<\/p>\n<\/div>\n<\/div><\/div>\n<\/div>\n\n\n","protected":false},"excerpt":{"rendered":"<p>La reproduction joue un r\u00f4le essentiel pour \u00e0 la survie de toute esp\u00e8ce d&#8217;\u00eatre vivant. Comme il est connu, sans renouvellement, le nombre de la population d\u00e9cline rapidement. En particulier comme c&#8217;est le cas ici, chez les sa\u00efgas, qui aujourd&#8217;hui sont menac\u00e9s d&#8217;extinction. Bien qu&#8217;ils aient une certaine capacit\u00e9 \u00e0 se reproduire naturellement rapidement, leur [&hellip;]<\/p>\n","protected":false},"author":1,"featured_media":0,"parent":0,"menu_order":3,"comment_status":"closed","ping_status":"closed","template":"","meta":{"footnotes":""},"class_list":["post-52","page","type-page","status-publish","hentry"],"_links":{"self":[{"href":"https:\/\/saiga-animal.com\/index.php\/wp-json\/wp\/v2\/pages\/52","targetHints":{"allow":["GET"]}}],"collection":[{"href":"https:\/\/saiga-animal.com\/index.php\/wp-json\/wp\/v2\/pages"}],"about":[{"href":"https:\/\/saiga-animal.com\/index.php\/wp-json\/wp\/v2\/types\/page"}],"author":[{"embeddable":true,"href":"https:\/\/saiga-animal.com\/index.php\/wp-json\/wp\/v2\/users\/1"}],"replies":[{"embeddable":true,"href":"https:\/\/saiga-animal.com\/index.php\/wp-json\/wp\/v2\/comments?post=52"}],"version-history":[{"count":28,"href":"https:\/\/saiga-animal.com\/index.php\/wp-json\/wp\/v2\/pages\/52\/revisions"}],"predecessor-version":[{"id":303,"href":"https:\/\/saiga-animal.com\/index.php\/wp-json\/wp\/v2\/pages\/52\/revisions\/303"}],"wp:attachment":[{"href":"https:\/\/saiga-animal.com\/index.php\/wp-json\/wp\/v2\/media?parent=52"}],"curies":[{"name":"wp","href":"https:\/\/api.w.org\/{rel}","templated":true}]}}