{"id":22,"date":"2026-01-23T09:35:58","date_gmt":"2026-01-23T09:35:58","guid":{"rendered":"http:\/\/saiga-animal.com\/?page_id=22"},"modified":"2026-02-20T15:29:18","modified_gmt":"2026-02-20T15:29:18","slug":"__trashed","status":"publish","type":"page","link":"https:\/\/saiga-animal.com\/index.php\/__trashed\/","title":{"rendered":"La gestation et naissance chez le sa\u00efga"},"content":{"rendered":"\n<div class=\"wp-block-cover alignwide is-light has-parallax has-custom-content-position is-position-bottom-center\" style=\"margin-top:0;margin-bottom:0;padding-top:var(--wp--preset--spacing--50);padding-right:var(--wp--preset--spacing--50);padding-bottom:var(--wp--preset--spacing--50);padding-left:var(--wp--preset--spacing--50);min-height:100vh;aspect-ratio:unset;\"><div class=\"wp-block-cover__image-background wp-image-129 size-full has-parallax\" style=\"background-position:50% 50%;background-image:url(http:\/\/saiga-animal.com\/wp-content\/uploads\/2026\/02\/Saigas-dans-les-steppes.png)\"><\/div><span aria-hidden=\"true\" class=\"wp-block-cover__background has-background-dim-10 has-background-dim\"><\/span><div class=\"wp-block-cover__inner-container has-global-padding is-layout-constrained wp-container-core-cover-is-layout-d89aad35 wp-block-cover-is-layout-constrained\">\n<div class=\"wp-block-group alignwide has-global-padding is-content-justification-left is-layout-constrained wp-container-core-group-is-layout-12dd3699 wp-block-group-is-layout-constrained\">\n<p><font color=\"white\">Avant d&#8217;int\u00e9grer cette partie, il est important de prendre en compte la m\u00e9thodologie d&#8217;accouplement<\/font><\/p>\n\n\n\n<div class=\"wp-block-buttons is-layout-flex wp-block-buttons-is-layout-flex\">\n<div class=\"wp-block-button\"><a class=\"wp-block-button__link wp-element-button\" href=\"https:\/\/saiga-animal.com\/index.php\/laccouplement-chez-les-saigas\/\">En savoir plus&#8230;<\/a><\/div>\n<\/div>\n<\/div>\n<\/div><\/div>\n\n\n\n<div class=\"wp-block-group alignfull is-style-section-5 has-global-padding is-layout-constrained wp-block-group-is-layout-constrained\" style=\"margin-top:0;margin-bottom:0;padding-top:var(--wp--preset--spacing--50);padding-bottom:var(--wp--preset--spacing--50)\">\n<div class=\"wp-block-columns alignwide is-layout-flex wp-container-core-columns-is-layout-7ee84d44 wp-block-columns-is-layout-flex\">\n<div class=\"wp-block-column is-vertically-aligned-center is-layout-flow wp-block-column-is-layout-flow\" style=\"flex-basis:50%\">\n<h2 class=\"wp-block-heading has-text-align-center\">La p\u00e9riode de gestation <\/h2>\n\n\n\n<p class=\"has-medium-font-size\">Une fois l&#8217;accouplement effectu\u00e9, la gestation prend forme imm\u00e9diatement. La p\u00e9riode de gestation des sa\u00efgas durent environ 140-150 jours (5 mois). Cette dur\u00e9e est confirm\u00e9e par plusieurs sources scientifiques et naturalistes. Les femelles donnent naissance \u00e0 un ou deux petits la 1\u00e8re semaine du mois de mai. C&#8217;est \u00e0 cette p\u00e9riode que toutes les femelles sa\u00efgas accouchent. Cette synchronisation, bien que strat\u00e9gique pour la protection, augmente le risque de transmission rapide de maladies comme la pasteurellose.<\/p>\n<\/div>\n\n\n\n<div class=\"wp-block-column is-vertically-aligned-center is-layout-flow wp-block-column-is-layout-flow\" style=\"flex-basis:50%\">\n<div class=\"wp-block-cover is-light\" style=\"min-height:415px;aspect-ratio:unset;\"><img loading=\"lazy\" decoding=\"async\" width=\"637\" height=\"360\" class=\"wp-block-cover__image-background wp-image-166 size-full\" alt=\"\" src=\"http:\/\/saiga-animal.com\/wp-content\/uploads\/2026\/02\/Saiga-enceinte-mais-pas-enceinte.webp\" data-object-fit=\"cover\" srcset=\"https:\/\/saiga-animal.com\/wp-content\/uploads\/2026\/02\/Saiga-enceinte-mais-pas-enceinte.webp 637w, https:\/\/saiga-animal.com\/wp-content\/uploads\/2026\/02\/Saiga-enceinte-mais-pas-enceinte-300x170.webp 300w\" sizes=\"auto, (max-width: 637px) 100vw, 637px\" \/><span aria-hidden=\"true\" class=\"wp-block-cover__background has-background-dim\" style=\"background-color:#987e58\"><\/span><div class=\"wp-block-cover__inner-container is-layout-flow wp-block-cover-is-layout-flow\">\n<p class=\"has-text-align-center has-large-font-size\"><\/p>\n<\/div><\/div>\n<\/div>\n<\/div>\n<\/div>\n\n\n\n<div class=\"wp-block-columns is-layout-flex wp-container-core-columns-is-layout-28f84493 wp-block-columns-is-layout-flex\">\n<div class=\"wp-block-column is-vertically-aligned-center is-layout-flow wp-block-column-is-layout-flow\">\n<div class=\"wp-block-group has-border-color has-base-background-color has-background has-global-padding is-content-justification-center is-layout-constrained wp-container-core-group-is-layout-0c81a5d8 wp-block-group-is-layout-constrained\" style=\"border-color:#D4D4D8;border-radius:0px;padding-top:var(--wp--preset--spacing--superbspacing-small);padding-right:var(--wp--preset--spacing--superbspacing-small);padding-bottom:var(--wp--preset--spacing--superbspacing-small);padding-left:var(--wp--preset--spacing--superbspacing-small)\">\n<div class=\"wp-block-group has-global-padding is-layout-constrained wp-block-group-is-layout-constrained\">\n<figure class=\"wp-block-image aligncenter size-full is-resized\"><img loading=\"lazy\" decoding=\"async\" width=\"512\" height=\"512\" src=\"https:\/\/saiga-animal.com\/wp-content\/uploads\/2026\/02\/livraison.png\" alt=\"\" class=\"wp-image-244\" style=\"object-fit:cover;width:82px;height:auto\" srcset=\"https:\/\/saiga-animal.com\/wp-content\/uploads\/2026\/02\/livraison.png 512w, https:\/\/saiga-animal.com\/wp-content\/uploads\/2026\/02\/livraison-300x300.png 300w, https:\/\/saiga-animal.com\/wp-content\/uploads\/2026\/02\/livraison-150x150.png 150w\" sizes=\"auto, (max-width: 512px) 100vw, 512px\" \/><\/figure>\n<\/div>\n\n\n\n<h2 class=\"wp-block-heading has-text-align-center has-contrast-dark-color has-text-color has-link-color has-superbfont-large-font-size wp-elements-5ab9ffa11b4a192879b9a94991aff76e\"><a href=\"https:\/\/saiga-animal.com\/index.php\/__trashed\/\" data-type=\"page\" data-id=\"22\">La mise \u00e0 bas des sagas: une strat\u00e9gie de survie fascinantes<\/a>.<\/h2>\n<\/div>\n<\/div>\n\n\n\n<div class=\"wp-block-column is-vertically-aligned-center is-layout-flow wp-block-column-is-layout-flow\">\n<p><strong>Les femelles<\/strong> choisissent des zones ouvertes et plates, avec une v\u00e9g\u00e9tation rase, o\u00f9 les nouveau-n\u00e9s naissent \u00e0 m\u00eame le sol. \u00c0 premi\u00e8re vue, cela semble risqu\u00e9 : expos\u00e9s, immobiles et vuln\u00e9rables, les faons pourraient sembler une proie facile pour les pr\u00e9dateurs comme les loups ou les renards.<br><br>Cette apparente vuln\u00e9rabilit\u00e9 est en r\u00e9alit\u00e9 une strat\u00e9gie de survie parfaitement adapt\u00e9e. Les vastes \u00e9tendues offrent une visibilit\u00e9 maximale pour la m\u00e8re. Elle peut d\u00e9tecter les pr\u00e9dateurs de loin et guider son faon si n\u00e9cessaire. Les petits poss\u00e8de un camouflage naturel (pour se fondre dans la steppe) et un comportement instinctif (quasi inn\u00e9) accoupl\u00e9 \u00e0 une odeur corporelle faible cela donne plus de mal aux pr\u00e9dateurs lors de la chasse. Quelques heures apr\u00e8s la naissance, les faons sont capables de se tenir debout et de suivre leur m\u00e8re, il prend donc rapidement son ind\u00e9pendance permettant la survie de l&#8217;esp\u00e8ce des sa\u00efgas.<\/p>\n<\/div>\n<\/div>\n\n\n\n<div class=\"wp-block-group has-global-padding is-layout-constrained wp-block-group-is-layout-constrained\">\n<h3 class=\"wp-block-heading has-text-align-center\"><strong>Concept du &#8220;Predator Swamping<\/strong>&#8220;<\/h3>\n\n\n\n<div class=\"wp-block-cover\"><img loading=\"lazy\" decoding=\"async\" width=\"1024\" height=\"683\" class=\"wp-block-cover__image-background wp-image-135 size-large\" alt=\"\" src=\"http:\/\/saiga-animal.com\/wp-content\/uploads\/2026\/02\/Predateur-1024x683.png\" data-object-fit=\"cover\" srcset=\"https:\/\/saiga-animal.com\/wp-content\/uploads\/2026\/02\/Predateur-1024x683.png 1024w, https:\/\/saiga-animal.com\/wp-content\/uploads\/2026\/02\/Predateur-300x200.png 300w, https:\/\/saiga-animal.com\/wp-content\/uploads\/2026\/02\/Predateur-768x512.png 768w, https:\/\/saiga-animal.com\/wp-content\/uploads\/2026\/02\/Predateur.png 1536w\" sizes=\"auto, (max-width: 1024px) 100vw, 1024px\" \/><span aria-hidden=\"true\" class=\"wp-block-cover__background has-contrast-dark-background-color has-background-dim\"><\/span><div class=\"wp-block-cover__inner-container has-global-padding is-layout-constrained wp-block-cover-is-layout-constrained\">\n<p class=\"has-text-align-center has-large-font-size\"><font color=\"white\">Le &#8220;<em><strong>predator swamping<\/strong>&#8220;<\/em>, consiste \u00e0 saturer les pr\u00e9dateurs : m\u00eame si certains faons sont captur\u00e9s, la majorit\u00e9 survivent car les pr\u00e9dateurs ne peuvent pas tous les consommer. Ainsi, la nature maximise les chances de survie de l\u2019esp\u00e8ce, en transformant une p\u00e9riode de grande vuln\u00e9rabilit\u00e9 individuelle en une protection collective efficace.<\/font><\/p>\n<\/div><\/div>\n<\/div>\n\n\n\n<div class=\"wp-block-group has-global-padding is-layout-constrained wp-block-group-is-layout-constrained\">\n<h2 class=\"wp-block-heading\">Nombre de petits et caract\u00e9ristiques \u00e0 la naissance chez le sa\u00efga<\/h2>\n\n\n\n<p>\u00c0 l\u2019heure de la mise bas, les femelles sa\u00efgas en bonne condition donnent souvent naissance \u00e0 des jumeaux, et parfois m\u00eame \u00e0 des tripl\u00e9s : c\u2019est une particularit\u00e9 majeure de l\u2019esp\u00e8ce. En revanche, chez les femelles les plus jeunes, la port\u00e9e ne comporte qu\u2019un seul petit.<br>Cette capacit\u00e9 \u00e0 augmenter rapidement leurs effectifs leur permet de compenser les pertes possibles li\u00e9es au Predator Swamping.<\/p>\n\n\n\n<div class=\"wp-block-buttons is-content-justification-center is-layout-flex wp-container-core-buttons-is-layout-a89b3969 wp-block-buttons-is-layout-flex\">\n<div class=\"wp-block-button\"><a class=\"wp-block-button__link has-text-align-center wp-element-button\">Une strat\u00e9gie d\u00e9mographique compensatoire<\/a><\/div>\n<\/div>\n\n\n\n<p>Le sa\u00efga adopte une strat\u00e9gie de reproduction \u201cquantitative\u201d, adapt\u00e9e \u00e0 un environnement \u00e0 forte mortalit\u00e9 juv\u00e9nile<\/p>\n<\/div>\n\n\n\n<div class=\"wp-block-columns is-layout-flex wp-container-core-columns-is-layout-28f84493 wp-block-columns-is-layout-flex\">\n<div class=\"wp-block-column is-layout-flow wp-block-column-is-layout-flow\" style=\"flex-basis:100%\">\n<div class=\"wp-block-group has-global-padding is-layout-constrained wp-block-group-is-layout-constrained\">\n<h2 class=\"wp-block-heading\">Les premi\u00e8res semaines de vie<\/h2>\n\n\n\n<div class=\"wp-block-columns is-layout-flex wp-container-core-columns-is-layout-28f84493 wp-block-columns-is-layout-flex\">\n<div class=\"wp-block-column is-vertically-aligned-center is-layout-flow wp-block-column-is-layout-flow\">\n<figure class=\"wp-block-image aligncenter size-large\"><img loading=\"lazy\" decoding=\"async\" width=\"1024\" height=\"575\" src=\"https:\/\/saiga-animal.com\/wp-content\/uploads\/2026\/02\/saiga-dodo-1-1024x575.jpeg\" alt=\"\" class=\"wp-image-163\" srcset=\"https:\/\/saiga-animal.com\/wp-content\/uploads\/2026\/02\/saiga-dodo-1-1024x575.jpeg 1024w, https:\/\/saiga-animal.com\/wp-content\/uploads\/2026\/02\/saiga-dodo-1-300x169.jpeg 300w, https:\/\/saiga-animal.com\/wp-content\/uploads\/2026\/02\/saiga-dodo-1-768x432.jpeg 768w, https:\/\/saiga-animal.com\/wp-content\/uploads\/2026\/02\/saiga-dodo-1.jpeg 1260w\" sizes=\"auto, (max-width: 1024px) 100vw, 1024px\" \/><\/figure>\n<\/div>\n\n\n\n<div class=\"wp-block-column is-layout-flow wp-block-column-is-layout-flow\">\n<p class=\"has-text-align-left\" style=\"margin-top:0;margin-right:0;margin-bottom:0;margin-left:0\">\u00c0 leur naissance, les jeunes bovid\u00e9s, de petite taille, restent fortement d\u00e9pendants de leur m\u00e8re. Ils constituent alors des cibles de choix pour les pr\u00e9dateurs, leur gestes reste tr\u00e8s limit\u00e9 et ils sont fortement d\u00e9pendant de l&#8217;allaitement de leur m\u00e8re. La mortalit\u00e9 juv\u00e9nile demeure \u00e9lev\u00e9e durant les premi\u00e8res semaines. Les conditions climatiques d\u00e9favorables, telles que des variations brusques de temp\u00e9rature ou une disponibilit\u00e9 r\u00e9duite en ressources alimentaires, peuvent affecter la capacit\u00e9 des femelles \u00e0 nourrir leurs petits. Cette vuln\u00e9rabilit\u00e9 n\u2019est cependant que temporaire. <\/p>\n<\/div>\n\n\n\n<div class=\"wp-block-column is-layout-flow wp-block-column-is-layout-flow\">\n<p>Les jeunes sa\u00efgas se d\u00e9veloppent tr\u00e8s rapidement au cours de leurs premi\u00e8res semaines de vie, une caract\u00e9ristique essentielle compte tenu du milieu ouvert de la steppe, pauvre en zones de dissimulation, auquel ils doivent faire face. Le nombre \u00e9lev\u00e9 de jeunes par port\u00e9e, combin\u00e9 \u00e0 leur capacit\u00e9 \u00e0 acqu\u00e9rir rapidement une certaine autonomie, traduit une strat\u00e9gie de reproduction particuli\u00e8rement efficace pour la survie de l\u2019esp\u00e8ce. Le sa\u00efga ne mise pas sur la protection individuelle de chaque petit, mais sur une dynamique de surnombre : en saturant les capacit\u00e9s de pr\u00e9dation, une partie des jeunes atteint l\u2019\u00e2ge adulte, assurant ainsi la p\u00e9rennit\u00e9 de l\u2019esp\u00e8ce.<\/p>\n<\/div>\n<\/div>\n<\/div>\n<\/div>\n<\/div>\n\n\n\n<h2 class=\"wp-block-heading\">Facteurs influen\u00e7ant le succ\u00e8s des naissances<\/h2>\n\n\n\n<p>Les conditions climatiques constituent des facteurs essentiels \u00e0 prendre en compte pour d\u00e9terminer la r\u00e9ussite de la mise bas, ainsi que la survie des jeunes durant les semaines qui suivent. Des \u00e9pisodes m\u00e9t\u00e9orologiques extr\u00eames, tels que des temp\u00e9ratures anormalement basses ou des pr\u00e9cipitations importantes, peuvent repr\u00e9senter une contrainte \u00e9cologique s\u00e9v\u00e8re pour ces bovid\u00e9s.<\/p>\n\n\n\n<p>Ces conditions d\u00e9gradent la qualit\u00e9 et la disponibilit\u00e9 des ressources alimentaires, appauvrissant les p\u00e2turages et r\u00e9duisant ainsi les capacit\u00e9s des femelles \u00e0 assurer une lactation suffisante et le d\u00e9veloppement optimal des plus jeunes.<\/p>\n\n\n\n<p>La zone de mise \u00e0 bas doit \u00eatre ouverte pour se pr\u00e9parer \u00e0 toute assaut des pr\u00e9dateurs mais faire pr\u00e9sence d&#8217;une v\u00e9g\u00e9tation suffisante pour permettre l&#8217;apport \u00e9nerg\u00e9tique crucial au processus de reproduction. <br><\/p>\n\n\n\n<div class=\"wp-block-buttons is-content-justification-center is-layout-flex wp-container-core-buttons-is-layout-a89b3969 wp-block-buttons-is-layout-flex\">\n<div class=\"wp-block-button\"><a class=\"wp-block-button__link wp-element-button\" href=\"https:\/\/saiga-animal.com\/index.php\/les-enjeux-de-la-survie-des-saigas\/\">Les enjeux de le survie des Saigas<\/a><\/div>\n<\/div>\n","protected":false},"excerpt":{"rendered":"<p>La p\u00e9riode de gestation Une fois l&#8217;accouplement effectu\u00e9, la gestation prend forme imm\u00e9diatement. La p\u00e9riode de gestation des sa\u00efgas durent environ 140-150 jours (5 mois). Cette dur\u00e9e est confirm\u00e9e par plusieurs sources scientifiques et naturalistes. Les femelles donnent naissance \u00e0 un ou deux petits la 1\u00e8re semaine du mois de mai. C&#8217;est \u00e0 cette p\u00e9riode [&hellip;]<\/p>\n","protected":false},"author":3,"featured_media":0,"parent":0,"menu_order":0,"comment_status":"closed","ping_status":"closed","template":"","meta":{"footnotes":""},"class_list":["post-22","page","type-page","status-publish","hentry"],"_links":{"self":[{"href":"https:\/\/saiga-animal.com\/index.php\/wp-json\/wp\/v2\/pages\/22","targetHints":{"allow":["GET"]}}],"collection":[{"href":"https:\/\/saiga-animal.com\/index.php\/wp-json\/wp\/v2\/pages"}],"about":[{"href":"https:\/\/saiga-animal.com\/index.php\/wp-json\/wp\/v2\/types\/page"}],"author":[{"embeddable":true,"href":"https:\/\/saiga-animal.com\/index.php\/wp-json\/wp\/v2\/users\/3"}],"replies":[{"embeddable":true,"href":"https:\/\/saiga-animal.com\/index.php\/wp-json\/wp\/v2\/comments?post=22"}],"version-history":[{"count":54,"href":"https:\/\/saiga-animal.com\/index.php\/wp-json\/wp\/v2\/pages\/22\/revisions"}],"predecessor-version":[{"id":254,"href":"https:\/\/saiga-animal.com\/index.php\/wp-json\/wp\/v2\/pages\/22\/revisions\/254"}],"wp:attachment":[{"href":"https:\/\/saiga-animal.com\/index.php\/wp-json\/wp\/v2\/media?parent=22"}],"curies":[{"name":"wp","href":"https:\/\/api.w.org\/{rel}","templated":true}]}}